{"id":2658,"date":"2018-11-21T01:40:12","date_gmt":"2018-11-21T00:40:12","guid":{"rendered":"http:\/\/wordpress.sailer-obertauern.at\/zimmer-preise\/zimmerpreis-berechnen\/"},"modified":"2019-07-31T17:10:29","modified_gmt":"2019-07-31T15:10:29","slug":"calculate-room-price","status":"publish","type":"page","link":"https:\/\/www.sailer-obertauern.at\/en\/rooms-prices\/calculate-room-price\/","title":{"rendered":"Calculate Room Price"},"content":{"rendered":"<div class=\"vce-row-container\"><div class=\"vce-row vce-row--col-gap-30 headline-row vce-row-columns--top vce-row-content--top\" id=\"el-5a577334\" data-vce-do-apply=\"all el-5a577334\"><div class=\"vce-row-content\" data-vce-element-content=\"true\"><div class=\"vce-col vce-col--md-auto vce-col--xs-1 vce-col--xs-last vce-col--xs-first vce-col--sm-last vce-col--sm-first vce-col--md-last vce-col--lg-last vce-col--xl-last vce-col--md-first vce-col--lg-first vce-col--xl-first\" id=\"el-fff97119\"><div class=\"vce-col-inner\" data-vce-do-apply=\"border margin background  el-fff97119\"><div class=\"vce-col-content\" data-vce-element-content=\"true\" data-vce-do-apply=\"padding el-fff97119\"><div class=\"vce-text-block\"><div class=\"vce-text-block-wrapper vce\" id=\"el-0585691d\" data-vce-do-apply=\"all el-0585691d\"><h1>Calculate room price<\/h1>\n<h2>Simply &amp; easily \u2013 so you keep to your budget<\/h2><\/div><\/div><\/div><\/div><\/div><\/div><\/div><\/div><div class=\"vce-row-container\"><div class=\"vce-row vce-row--col-gap-30 vce-row-columns--top vce-row-content--top\" id=\"el-62ec48ae\" data-vce-do-apply=\"all el-62ec48ae\"><div class=\"vce-row-content\" data-vce-element-content=\"true\"><div class=\"vce-col vce-col--md-auto vce-col--xs-1 vce-col--xs-last vce-col--xs-first vce-col--sm-last vce-col--sm-first vce-col--md-last vce-col--lg-last vce-col--xl-last vce-col--md-first vce-col--lg-first vce-col--xl-first\" id=\"el-d93047c8\"><div class=\"vce-col-inner\" data-vce-do-apply=\"border margin background  el-d93047c8\"><div class=\"vce-col-content\" data-vce-element-content=\"true\" data-vce-do-apply=\"padding el-d93047c8\"><div class=\"vce-raw-html\"><div class=\"vce-raw-html-wrapper\" id=\"el-70773d25\" data-vce-do-apply=\"all el-70773d25\"><script src=\"https:\/\/mainframe.capcorn.net\/ressourcen\/newUI\/js\/capcorn.js\"><\/script>\n<link href=\"https:\/\/mainframe.capcorn.net\/Ressourcen\/newUI\/css\/capcorn.css\" rel=\"stylesheet\">\n<iframe id=\"iframeCapCorn\" src=\"https:\/\/obertauern.capcorn.net\/Query?MB=5132&amp;FL=17&amp;LG=1\" scrolling=\"auto\" width=\"100%\" frameborder=\"0\"> <\/iframe><\/div><\/div><\/div><\/div><\/div><\/div><\/div><\/div><div class=\"vce-row-container\"><div class=\"vce-row vce-row--col-gap-30 vce-row-columns--top vce-row-content--top\" id=\"el-b71a5f3c\" data-vce-do-apply=\"all el-b71a5f3c\"><div class=\"vce-row-content\" data-vce-element-content=\"true\"><div class=\"vce-col vce-col--md-auto vce-col--xs-1 vce-col--xs-last vce-col--xs-first vce-col--sm-last vce-col--sm-first vce-col--md-last vce-col--lg-last vce-col--xl-last vce-col--md-first vce-col--lg-first vce-col--xl-first\" id=\"el-baedba5d\"><div class=\"vce-col-inner\" data-vce-do-apply=\"border margin background  el-baedba5d\"><div class=\"vce-col-content\" data-vce-element-content=\"true\" data-vce-do-apply=\"padding el-baedba5d\"><div class=\"vce-text-block dsgvo\"><div class=\"vce-text-block-wrapper vce\" id=\"el-403d393c\" data-vce-do-apply=\"all el-403d393c\"><p>Nach Absenden des Kontaktformulars erfolgt eine Verarbeitung der oben angef\u00fchrten Daten durch den datenschutzrechtlich Verantwortlichen DER SAILER HOTEL &amp; RESTAURANT e.U., Rudolf H. Sailer, R\u00f6merstra\u00dfe 67, A-5562 Obertauern, <a href=\"mailto:info@sailer-obertauern.at\">info@sailer-obertauern.at<\/a>, zum Zweck der Bearbeitung Ihrer Anfrage auf Grundlage Ihrer durch das Absenden des Formulars erteilten Einwilligung. Es erfolgt eine Weiterverarbeitung der Daten zum Zweck der Direktwerbung, welche mit dem urspr\u00fcnglichen Verarbeitungszweck vereinbar ist, auf derselben Rec\u00adhtsgrundlage bis auf Widerspruch. Es besteht keine gesetzliche oder vertragliche Verpflichtung zur Bereitstellung der personenbezogenen Daten. Die Nichtbereitstellung hat lediglich zur Folge, dass Sie Ihr Anliegen nicht \u00fcbermitteln und wir dieses nicht bearbeiten k\u00f6nnen. Eine Weitergabe an andere Empf\u00e4nger erfolgt nicht. Sie haben das Recht, Ihre Einwilligung jederzeit durch schriftliche Mitteilung zu widerrufen, ohne dass die Rechtm\u00e4\u00dfigkeit der aufgrund der Einwilligung bis zum Widerruf erfolgten Verarbeitung ber\u00fchrt wird. Sie haben das Recht, der Verwendung Ihrer personenbezogenen Daten zum Zweck der Direktwerbung jederzeit durch schriftliche Mitteilung zu widersprechen. Im Fall des Widerspruchs werden Ihre personenbezogenen Daten nicht mehr zum Zweck der Direktwerbung verarbeitet. Sie haben das Recht auf Auskunft, Berichtigung, L\u00f6schung, Einschr\u00e4nkung der Verarbeitung und \u00dcbertragbarkeit Ihrer personenbezogenen Daten sowie das Recht auf Beschwerde bei der Aufsichtsbeh\u00f6rde (\u00d6sterreichische Datenschutzbeh\u00f6rde, Barichgasse 40-42, A-1030 Wien, <a href=\"mailto:dsb@dsb.gv.at\">dsb@dsb.gv.at<\/a>).<\/p><\/div><\/div><\/div><\/div><\/div><\/div><\/div><\/div>\n","protected":false},"excerpt":{"rendered":"<p>Calculate room price Simply &amp; easily \u2013 so you keep to your budget Nach Absenden des Kontaktformulars erfolgt eine Verarbeitung der oben angef\u00fchrten Daten durch den datenschutzrechtlich Verantwortlichen DER SAILER HOTEL &amp; RESTAURANT e.U., Rudolf H. Sailer, R\u00f6merstra\u00dfe 67, A-5562 Obertauern, info@sailer-obertauern.at, zum Zweck der Bearbeitung Ihrer Anfrage auf Grundlage Ihrer durch das Absenden des [&hellip;]<\/p>\n","protected":false},"author":1,"featured_media":723,"parent":2646,"menu_order":0,"comment_status":"closed","ping_status":"closed","template":"","meta":{"_acf_changed":false,"footnotes":""},"class_list":["post-2658","page","type-page","status-publish","has-post-thumbnail","hentry"],"acf":[],"yoast_head":"<!-- This site is optimized with the Yoast SEO plugin v26.8 - https:\/\/yoast.com\/product\/yoast-seo-wordpress\/ -->\n<title>Calculate room price at the Hotel DER SAILER in Obertauern<\/title>\n<meta name=\"description\" content=\"Calculate the room price simply &amp; easily \u2013 with the Hotel DER SAILER&#039;s price calculator you have your budget in hand.\" \/>\n<meta name=\"robots\" content=\"index, follow, max-snippet:-1, max-image-preview:large, max-video-preview:-1\" \/>\n<link rel=\"canonical\" href=\"https:\/\/www.sailer-obertauern.at\/en\/rooms-prices\/calculate-room-price\/\" \/>\n<meta property=\"og:locale\" content=\"en_US\" \/>\n<meta property=\"og:type\" content=\"article\" \/>\n<meta property=\"og:title\" content=\"Calculate room price at the Hotel DER SAILER in Obertauern\" \/>\n<meta property=\"og:description\" content=\"Calculate the room price simply &amp; easily \u2013 with the Hotel DER SAILER&#039;s price calculator you have your budget in hand.\" \/>\n<meta property=\"og:url\" content=\"https:\/\/www.sailer-obertauern.at\/en\/rooms-prices\/calculate-room-price\/\" \/>\n<meta property=\"og:site_name\" content=\"DER SAILER in Obertauern\" \/>\n<meta property=\"article:modified_time\" content=\"2019-07-31T15:10:29+00:00\" \/>\n<meta property=\"og:image\" content=\"https:\/\/www.sailer-obertauern.at\/wp-content\/uploads\/hotel-restaurant-der-sailer-obertauern-3.jpg\" \/>\n\t<meta property=\"og:image:width\" content=\"1860\" \/>\n\t<meta property=\"og:image:height\" content=\"700\" \/>\n\t<meta property=\"og:image:type\" content=\"image\/jpeg\" \/>\n<meta name=\"twitter:card\" content=\"summary_large_image\" \/>\n<meta name=\"twitter:label1\" content=\"Est. reading time\" \/>\n\t<meta name=\"twitter:data1\" content=\"1 minute\" \/>\n<script type=\"application\/ld+json\" class=\"yoast-schema-graph\">{\"@context\":\"https:\/\/schema.org\",\"@graph\":[{\"@type\":\"WebPage\",\"@id\":\"https:\/\/www.sailer-obertauern.at\/en\/rooms-prices\/calculate-room-price\/\",\"url\":\"https:\/\/www.sailer-obertauern.at\/en\/rooms-prices\/calculate-room-price\/\",\"name\":\"Calculate room price at the Hotel DER SAILER in Obertauern\",\"isPartOf\":{\"@id\":\"https:\/\/www.sailer-obertauern.at\/en\/#website\"},\"primaryImageOfPage\":{\"@id\":\"https:\/\/www.sailer-obertauern.at\/en\/rooms-prices\/calculate-room-price\/#primaryimage\"},\"image\":{\"@id\":\"https:\/\/www.sailer-obertauern.at\/en\/rooms-prices\/calculate-room-price\/#primaryimage\"},\"thumbnailUrl\":\"https:\/\/www.sailer-obertauern.at\/wp-content\/uploads\/hotel-restaurant-der-sailer-obertauern-3.jpg\",\"datePublished\":\"2018-11-21T00:40:12+00:00\",\"dateModified\":\"2019-07-31T15:10:29+00:00\",\"description\":\"Calculate the room price simply & easily \u2013 with the Hotel DER SAILER's price calculator you have your budget in hand.\",\"breadcrumb\":{\"@id\":\"https:\/\/www.sailer-obertauern.at\/en\/rooms-prices\/calculate-room-price\/#breadcrumb\"},\"inLanguage\":\"en-US\",\"potentialAction\":[{\"@type\":\"ReadAction\",\"target\":[\"https:\/\/www.sailer-obertauern.at\/en\/rooms-prices\/calculate-room-price\/\"]}]},{\"@type\":\"ImageObject\",\"inLanguage\":\"en-US\",\"@id\":\"https:\/\/www.sailer-obertauern.at\/en\/rooms-prices\/calculate-room-price\/#primaryimage\",\"url\":\"https:\/\/www.sailer-obertauern.at\/wp-content\/uploads\/hotel-restaurant-der-sailer-obertauern-3.jpg\",\"contentUrl\":\"https:\/\/www.sailer-obertauern.at\/wp-content\/uploads\/hotel-restaurant-der-sailer-obertauern-3.jpg\",\"width\":1860,\"height\":700,\"caption\":\"Gem\u00fctliche Zimmer in Obertauern, Hotel \\\"Der Sailer\\\"\"},{\"@type\":\"BreadcrumbList\",\"@id\":\"https:\/\/www.sailer-obertauern.at\/en\/rooms-prices\/calculate-room-price\/#breadcrumb\",\"itemListElement\":[{\"@type\":\"ListItem\",\"position\":1,\"name\":\"Startseite\",\"item\":\"https:\/\/www.sailer-obertauern.at\/en\/\"},{\"@type\":\"ListItem\",\"position\":2,\"name\":\"Rooms &#038; Prices\",\"item\":\"https:\/\/www.sailer-obertauern.at\/en\/rooms-prices\/\"},{\"@type\":\"ListItem\",\"position\":3,\"name\":\"Calculate Room Price\"}]},{\"@type\":\"WebSite\",\"@id\":\"https:\/\/www.sailer-obertauern.at\/en\/#website\",\"url\":\"https:\/\/www.sailer-obertauern.at\/en\/\",\"name\":\"DER SAILER in Obertauern\",\"description\":\"Hotel &amp; Restaurant\",\"publisher\":{\"@id\":\"https:\/\/www.sailer-obertauern.at\/en\/#organization\"},\"potentialAction\":[{\"@type\":\"SearchAction\",\"target\":{\"@type\":\"EntryPoint\",\"urlTemplate\":\"https:\/\/www.sailer-obertauern.at\/en\/?s={search_term_string}\"},\"query-input\":{\"@type\":\"PropertyValueSpecification\",\"valueRequired\":true,\"valueName\":\"search_term_string\"}}],\"inLanguage\":\"en-US\"},{\"@type\":\"Organization\",\"@id\":\"https:\/\/www.sailer-obertauern.at\/en\/#organization\",\"name\":\"Hotel Der Sailer Obertauern\",\"url\":\"https:\/\/www.sailer-obertauern.at\/en\/\",\"logo\":{\"@type\":\"ImageObject\",\"inLanguage\":\"en-US\",\"@id\":\"https:\/\/www.sailer-obertauern.at\/en\/#\/schema\/logo\/image\/\",\"url\":\"https:\/\/www.sailer-obertauern.at\/wp-content\/uploads\/logo-sailer-1.png\",\"contentUrl\":\"https:\/\/www.sailer-obertauern.at\/wp-content\/uploads\/logo-sailer-1.png\",\"width\":414,\"height\":240,\"caption\":\"Hotel Der Sailer Obertauern\"},\"image\":{\"@id\":\"https:\/\/www.sailer-obertauern.at\/en\/#\/schema\/logo\/image\/\"}}]}<\/script>\n<!-- \/ Yoast SEO plugin. -->","yoast_head_json":{"title":"Calculate room price at the Hotel DER SAILER in Obertauern","description":"Calculate the room price simply & easily \u2013 with the Hotel DER SAILER's price calculator you have your budget in hand.","robots":{"index":"index","follow":"follow","max-snippet":"max-snippet:-1","max-image-preview":"max-image-preview:large","max-video-preview":"max-video-preview:-1"},"canonical":"https:\/\/www.sailer-obertauern.at\/en\/rooms-prices\/calculate-room-price\/","og_locale":"en_US","og_type":"article","og_title":"Calculate room price at the Hotel DER SAILER in Obertauern","og_description":"Calculate the room price simply & easily \u2013 with the Hotel DER SAILER's price calculator you have your budget in hand.","og_url":"https:\/\/www.sailer-obertauern.at\/en\/rooms-prices\/calculate-room-price\/","og_site_name":"DER SAILER in Obertauern","article_modified_time":"2019-07-31T15:10:29+00:00","og_image":[{"width":1860,"height":700,"url":"https:\/\/www.sailer-obertauern.at\/wp-content\/uploads\/hotel-restaurant-der-sailer-obertauern-3.jpg","type":"image\/jpeg"}],"twitter_card":"summary_large_image","twitter_misc":{"Est. reading time":"1 minute"},"schema":{"@context":"https:\/\/schema.org","@graph":[{"@type":"WebPage","@id":"https:\/\/www.sailer-obertauern.at\/en\/rooms-prices\/calculate-room-price\/","url":"https:\/\/www.sailer-obertauern.at\/en\/rooms-prices\/calculate-room-price\/","name":"Calculate room price at the Hotel DER SAILER in Obertauern","isPartOf":{"@id":"https:\/\/www.sailer-obertauern.at\/en\/#website"},"primaryImageOfPage":{"@id":"https:\/\/www.sailer-obertauern.at\/en\/rooms-prices\/calculate-room-price\/#primaryimage"},"image":{"@id":"https:\/\/www.sailer-obertauern.at\/en\/rooms-prices\/calculate-room-price\/#primaryimage"},"thumbnailUrl":"https:\/\/www.sailer-obertauern.at\/wp-content\/uploads\/hotel-restaurant-der-sailer-obertauern-3.jpg","datePublished":"2018-11-21T00:40:12+00:00","dateModified":"2019-07-31T15:10:29+00:00","description":"Calculate the room price simply & easily \u2013 with the Hotel DER SAILER's price calculator you have your budget in hand.","breadcrumb":{"@id":"https:\/\/www.sailer-obertauern.at\/en\/rooms-prices\/calculate-room-price\/#breadcrumb"},"inLanguage":"en-US","potentialAction":[{"@type":"ReadAction","target":["https:\/\/www.sailer-obertauern.at\/en\/rooms-prices\/calculate-room-price\/"]}]},{"@type":"ImageObject","inLanguage":"en-US","@id":"https:\/\/www.sailer-obertauern.at\/en\/rooms-prices\/calculate-room-price\/#primaryimage","url":"https:\/\/www.sailer-obertauern.at\/wp-content\/uploads\/hotel-restaurant-der-sailer-obertauern-3.jpg","contentUrl":"https:\/\/www.sailer-obertauern.at\/wp-content\/uploads\/hotel-restaurant-der-sailer-obertauern-3.jpg","width":1860,"height":700,"caption":"Gem\u00fctliche Zimmer in Obertauern, Hotel \"Der Sailer\""},{"@type":"BreadcrumbList","@id":"https:\/\/www.sailer-obertauern.at\/en\/rooms-prices\/calculate-room-price\/#breadcrumb","itemListElement":[{"@type":"ListItem","position":1,"name":"Startseite","item":"https:\/\/www.sailer-obertauern.at\/en\/"},{"@type":"ListItem","position":2,"name":"Rooms &#038; Prices","item":"https:\/\/www.sailer-obertauern.at\/en\/rooms-prices\/"},{"@type":"ListItem","position":3,"name":"Calculate Room Price"}]},{"@type":"WebSite","@id":"https:\/\/www.sailer-obertauern.at\/en\/#website","url":"https:\/\/www.sailer-obertauern.at\/en\/","name":"DER SAILER in Obertauern","description":"Hotel &amp; Restaurant","publisher":{"@id":"https:\/\/www.sailer-obertauern.at\/en\/#organization"},"potentialAction":[{"@type":"SearchAction","target":{"@type":"EntryPoint","urlTemplate":"https:\/\/www.sailer-obertauern.at\/en\/?s={search_term_string}"},"query-input":{"@type":"PropertyValueSpecification","valueRequired":true,"valueName":"search_term_string"}}],"inLanguage":"en-US"},{"@type":"Organization","@id":"https:\/\/www.sailer-obertauern.at\/en\/#organization","name":"Hotel Der Sailer Obertauern","url":"https:\/\/www.sailer-obertauern.at\/en\/","logo":{"@type":"ImageObject","inLanguage":"en-US","@id":"https:\/\/www.sailer-obertauern.at\/en\/#\/schema\/logo\/image\/","url":"https:\/\/www.sailer-obertauern.at\/wp-content\/uploads\/logo-sailer-1.png","contentUrl":"https:\/\/www.sailer-obertauern.at\/wp-content\/uploads\/logo-sailer-1.png","width":414,"height":240,"caption":"Hotel Der Sailer Obertauern"},"image":{"@id":"https:\/\/www.sailer-obertauern.at\/en\/#\/schema\/logo\/image\/"}}]}},"_links":{"self":[{"href":"https:\/\/www.sailer-obertauern.at\/en\/wp-json\/wp\/v2\/pages\/2658","targetHints":{"allow":["GET"]}}],"collection":[{"href":"https:\/\/www.sailer-obertauern.at\/en\/wp-json\/wp\/v2\/pages"}],"about":[{"href":"https:\/\/www.sailer-obertauern.at\/en\/wp-json\/wp\/v2\/types\/page"}],"author":[{"embeddable":true,"href":"https:\/\/www.sailer-obertauern.at\/en\/wp-json\/wp\/v2\/users\/1"}],"replies":[{"embeddable":true,"href":"https:\/\/www.sailer-obertauern.at\/en\/wp-json\/wp\/v2\/comments?post=2658"}],"version-history":[{"count":0,"href":"https:\/\/www.sailer-obertauern.at\/en\/wp-json\/wp\/v2\/pages\/2658\/revisions"}],"up":[{"embeddable":true,"href":"https:\/\/www.sailer-obertauern.at\/en\/wp-json\/wp\/v2\/pages\/2646"}],"wp:featuredmedia":[{"embeddable":true,"href":"https:\/\/www.sailer-obertauern.at\/en\/wp-json\/wp\/v2\/media\/723"}],"wp:attachment":[{"href":"https:\/\/www.sailer-obertauern.at\/en\/wp-json\/wp\/v2\/media?parent=2658"}],"curies":[{"name":"wp","href":"https:\/\/api.w.org\/{rel}","templated":true}]}}